{"id":2948,"date":"2021-01-04T21:40:18","date_gmt":"2021-01-04T21:40:18","guid":{"rendered":"http:\/\/www.mediapreparators.com\/politica-della-qualita\/"},"modified":"2024-12-11T13:41:43","modified_gmt":"2024-12-11T13:41:43","slug":"politica-della-qualita","status":"publish","type":"page","link":"https:\/\/www.mediapreparators.com\/it\/politica-della-qualita\/","title":{"rendered":"Politica della Qualit\u00e0"},"content":{"rendered":"\t\t<div data-elementor-type=\"wp-page\" data-elementor-id=\"2948\" class=\"elementor elementor-2948 elementor-78\" data-elementor-post-type=\"page\">\n\t\t\t\t<div class=\"elementor-element elementor-element-6365d9d3 e-flex e-con-boxed e-con e-parent\" data-id=\"6365d9d3\" data-element_type=\"container\" data-settings=\"{&quot;jet_parallax_layout_list&quot;:[]}\">\n\t\t\t\t\t<div class=\"e-con-inner\">\n\t\t\t\t<div class=\"elementor-element elementor-element-2e8c8b0f elementor-widget elementor-widget-text-editor\" data-id=\"2e8c8b0f\" data-element_type=\"widget\" data-widget_type=\"text-editor.default\">\n\t\t\t\t<div class=\"elementor-widget-container\">\n\t\t\t\t\t\t\t\t\t<p><\/p>\n<p>La direzione dimostra la propria leadership e impegno per il sistema di gestione della qualit\u00e0 implementando la seguente politica per la qualit\u00e0:<\/p>\n<p><\/p>\n<h2>Politica della qualit\u00e0<\/h2>\n<p><\/p>\n<p>R T ESPINAR S.L., in qualit\u00e0 di progettista, produttore e servizio tecnico di apparecchiature per laboratori e autoclavi per la sterilizzazione di dispositivi medici, \u00e8 conforme a tutta la legislazione applicabile all\u2019industria dei dispositivi di laboratorio e alla sterilizzazione di dispositivi medici e apparecchiature a pressione, nonch\u00e9 qualsiasi altro requisito applicabile.<\/p>\n<p><\/p>\n<p>Il Sistema di Gestione della Qualit\u00e0 di R T ESPINAR S.L., \u00e8 descritto nel presente Manuale della Qualit\u00e0 e dettagliato nel Manuale delle Procedure, in conformit\u00e0 con i requisiti della norma UNE-EN ISO 9001:2015 e della norma ISO 13485:2016.<\/p>\n<p><\/p>\n<p>\u00c8 politica di R T ESPINAR S.L., fornire in ogni momento e a tutti i clienti prodotti privi di difetti entro i termini stabiliti. Il lavoro di squadra \u00e8 fondamentale per il successo dell\u2019Azienda e, pertanto, questa politica si applica sia ai clienti esterni che interni.<\/p>\n<p><\/p>\n<p>R T ESPINAR S.L., controlla lo stato del proprio sistema di gestione della qualit\u00e0 attraverso audit interni, revisioni della direzione, feedback dei clienti e implementa il miglioramento continuo del sistema di gestione della qualit\u00e0.<\/p>\n<p><\/p>\n<p>\u00c8 politica di R T ESPINAR S.L. garantire che le misure pertinenti siano prese per garantire la sicurezza delle persone.<\/p>\n<p><\/p>\n<p>Quindi \u00e8 necessario che la Qualit\u00e0 sia compresa, applicata e aggiornata a tutti i livelli dell\u2019Azienda e per tutti i collaboratori esterni della stessa. Ogni persona \u00e8 responsabile della qualit\u00e0 del proprio lavoro.<\/p>\n<p><\/p>\n<p>Un obiettivo strategico di R T ESPINAR S.L. \u00e8 costituito da un elevato livello di competitivit\u00e0 nel mercato, nonch\u00e9 da un\u2019adeguata redditivit\u00e0 dal punto di vista interno della Societ\u00e0.<\/p>\n<p><\/p>\n<p>Il risultato finale \u00e8 garantire il raggiungimento dei seguenti obiettivi:<\/p>\n<p><\/p>\n<ul><p><\/p>\n<li>Garantire la soddisfazione dei clienti e di altre parti interessate.<\/li>\n<p><\/p>\n<li>Garantire la soddisfazione dei dipendenti.<\/li>\n<p><\/p>\n<li>Garantire efficienza economica.<\/li>\n<p><\/p>\n<\/ul>\n<p><\/p>\n<p>Al fine di raggiungere questi obiettivi, la Direzione stabilisce le misure necessarie per garantire che il proprio Sistema di Qualit\u00e0:<\/p>\n<p><\/p>\n<ul><p><\/p>\n<li>Viene diffuso in tutte le aree dell\u2019Azienda.<\/li>\n<p><\/p>\n<li>\u00c8 inteso.<\/li>\n<p><\/p>\n<li>\u00c8 applicato.<\/li>\n<p><\/p>\n<li>Viene rivisto e aggiornato.<\/li>\n<p><\/p>\n<\/ul>\n<p><\/p>\n<p>La Direzione si impegna inoltre a fornire tutte le risorse materiali e umane necessarie per attuare la Politica di Qualit\u00e0 dell\u2019Azienda, promuovendo un pensiero basato sui rischi.<\/p>\n<p><\/p>\n<p>La Direzione dichiara il rispetto obbligatorio dei requisiti contenuti nella documentazione che costituisce il Sistema di Gestione della Qualit\u00e0.<\/p>\n<p><\/p>\n<p>A Terrassa, il 29 luglio 2024<\/p>\n<p><\/p>\n<p><strong>Ramon Espinar Balletto \u2013 CEO<\/strong><\/p>\n<p><\/p>\t\t\t\t\t\t\t\t<\/div>\n\t\t\t\t<\/div>\n\t\t\t\t\t<\/div>\n\t\t\t\t<\/div>\n\t\t\t\t<\/div>\n\t\t","protected":false},"excerpt":{"rendered":"","protected":false},"author":9,"featured_media":0,"parent":0,"menu_order":0,"comment_status":"closed","ping_status":"closed","template":"","meta":{"footnotes":""},"class_list":["post-2948","page","type-page","status-publish","hentry"],"_links":{"self":[{"href":"https:\/\/www.mediapreparators.com\/it\/wp-json\/wp\/v2\/pages\/2948","targetHints":{"allow":["GET"]}}],"collection":[{"href":"https:\/\/www.mediapreparators.com\/it\/wp-json\/wp\/v2\/pages"}],"about":[{"href":"https:\/\/www.mediapreparators.com\/it\/wp-json\/wp\/v2\/types\/page"}],"author":[{"embeddable":true,"href":"https:\/\/www.mediapreparators.com\/it\/wp-json\/wp\/v2\/users\/9"}],"replies":[{"embeddable":true,"href":"https:\/\/www.mediapreparators.com\/it\/wp-json\/wp\/v2\/comments?post=2948"}],"version-history":[{"count":0,"href":"https:\/\/www.mediapreparators.com\/it\/wp-json\/wp\/v2\/pages\/2948\/revisions"}],"wp:attachment":[{"href":"https:\/\/www.mediapreparators.com\/it\/wp-json\/wp\/v2\/media?parent=2948"}],"curies":[{"name":"wp","href":"https:\/\/api.w.org\/{rel}","templated":true}]}}