{"id":3003,"date":"2021-01-04T21:39:37","date_gmt":"2021-01-04T21:39:37","guid":{"rendered":"http:\/\/www.mediapreparators.com\/avviso-legale\/"},"modified":"2023-02-15T17:53:20","modified_gmt":"2023-02-15T17:53:20","slug":"avviso-legale","status":"publish","type":"page","link":"https:\/\/www.mediapreparators.com\/it\/avviso-legale\/","title":{"rendered":"Avviso legale"},"content":{"rendered":"\n<p>R. ESPINAR, SL, responsabile del sito Web, di seguito RESPONSABILE, mette questo documento a disposizione degli utenti, con i quali intende adempiere agli obblighi previsti dalla legge 34\/2002, dell\u201911 luglio, sui servizi della societ\u00e0 dell\u2019informazione e del commercio elettronico (LSSICE), BOE n. 166, nonch\u00e9 informare tutti gli utenti del sito Web in merito alle condizioni di utilizzo.<\/p>\n\n<p>Chiunque acceda a questo sito web assume il ruolo di utente, impegnandosi alla stretta osservanza e rispetto delle disposizioni in esso contenute, nonch\u00e9 di ogni altra disposizione legale eventualmente applicabile.<\/p>\n\n<p>ESPINAR, S.L. si riserva il diritto di modificare qualsiasi tipo di informazione che dovesse apparire sul sito web, senza che vi sia l\u2019obbligo di darne preavviso o di informare gli Utenti di dette modifiche, la pubblicazione sul sito web si intende sufficiente.<\/p>\n\n<h4 class=\"wp-block-heading\"><strong>1. DATI IDENTIFICATIVI<\/strong><\/h4>\n\n<p>Nome di dominio: mediapreparators.com<br\/>Nome commerciale: RAYPA<br\/>Denominazione sociale: R. ESPINAR, SL<br\/>NIF: B58468992<br\/>Sede legale: (Pol. Ind. Els Bellots) Avda. Del Vall\u00e8s, 322 \u2013 08227, Terrassa (Barcellona)<br\/>Telefono: 937830720<br\/>e-mail: <a href=\"mailto:raypa@raypa.com\">raypa@raypa.com<\/a><br\/>Iscritta nel Registro (Commerciale\/Pubblico): Barcellona, Foglio B-66683, Volume 24247, Folio 122<\/p>\n\n<h4 class=\"wp-block-heading\"><strong>2. DIRITTI DI PROPRIET\u00c0 INTELLETTUALE E INDUSTRIALE<\/strong><\/h4>\n\n<p>Il sito Web, inclusi ma non limitati alla sua programmazione, modifica, compilazione e altri elementi necessari per il suo funzionamento, i disegni, i loghi, il testo e\/o la grafica, sono di propriet\u00e0 del TITOLARE o, se applicabile, hanno una licenza o espressa autorizzazione degli autori. Tutti i contenuti del sito web sono debitamente protetti dalla normativa sulla propriet\u00e0 intellettuale e industriale, nonch\u00e9 registrati nei corrispondenti pubblici registri. <\/p>\n\n<p>Indipendentemente dallo scopo per il quale sono stati destinati, la riproduzione totale o parziale, l\u2019uso, lo sfruttamento, la distribuzione e la commercializzazione, richiede in ogni caso la preventiva autorizzazione scritta del TITOLARE. Qualsiasi uso precedentemente non autorizzato \u00e8 considerato una grave violazione dei diritti di propriet\u00e0 intellettuale o industriale dell\u2019autore Cualquier uso no autorizado previamente se considera un incumplimiento grave de los derechos de propiedad intelectual o industrial del autor. <\/p>\n\n<p>I disegni, i loghi, i testi e\/o la grafica al di fuori del TITOLARE e che possono apparire sul sito web appartengono ai rispettivi proprietari, essendo essi stessi responsabili di ogni possibile controversia che possa sorgere in merito ad essi. Il RESPONSABILE autorizza espressamente terze parti a reindirizzare direttamente agli specifici contenuti del sito web, e in ogni caso reindirizzare al sito principale mediapreparators.com. <\/p>\n\n<p>Il RESPONSABILE riconosce a favore dei loro proprietari i corrispondenti diritti di propriet\u00e0 intellettuale e industriale, la loro semplice menzione o apparizione sul sito web non implica l\u2019esistenza di alcun diritto o responsabilit\u00e0 su di loro, n\u00e9 implica approvazione, sponsorizzazione o raccomandazione da parte degli stessi.<\/p>\n\n<p>Per effettuare qualsiasi tipo di osservazione in merito a possibili violazioni di diritti di propriet\u00e0 intellettuale o industriale, nonch\u00e9 su qualsiasi contenuto del sito Web, \u00e8 possibile farlo tramite e-mail <a href=\"mailto:teresaespinar@raypa.com\">teresaespinar@raypa.com.<\/a><\/p>\n\n<h4 class=\"wp-block-heading\"><strong>3. ESCLUSIONE DI RESPONSABILIT\u00c0<\/strong><\/h4>\n\n<p>Il RESPONSABILE \u00e8 esonerato da qualsiasi tipo di responsabilit\u00e0 derivante dalle informazioni pubblicate sul proprio sito web, a condizione che queste informazioni siano state manipolate o inserite da terzi esterni allo stesso.<\/p>\n\n<p><strong>Uso dei Cookie<\/strong><\/p>\n\n<p>Questo sito web pu\u00f2 utilizzare tecnici cookies (piccoli file di informazioni che il server invia al computer di chi accede alla pagina) per espletare alcune funzioni ritenute essenziali per il corretto funzionamento e visualizzazione del sito. I cookie utilizzati sono, in ogni caso, di natura temporanea, al solo fine di rendere pi\u00f9 efficiente la navigazione, e svaniscono al termine della sessione dell\u2019utente. In nessun caso, questi cookie stessi forniscono dati personali e non verranno utilizzati per raccoglierli.  <\/p>\n\n<p>Tramite l\u2019utilizzo dei cookie \u00e8 inoltre possibile che il server in cui si trova il web riconosca il browser utilizzato dall\u2019utente al fine di rendere pi\u00f9 agevole la navigazione, consentendo, ad esempio, l\u2019accesso da parte di utenti che si sono precedentemente registrati ad aree, servizi, promozioni o concorsi riservati esclusivamente a loro senza doversi registrare ad ogni visita. Possono anche essere utilizzati per misurare l\u2019audience, i parametri di traffico, controllare l\u2019avanzamento e il numero di voci, ecc., in questi casi i cookie sono tecnicamente superflui ma vantaggiosi per l\u2019utente. Questo sito non installer\u00e0 cookie dispensabili senza il preventivo consenso dell\u2019utente.  <\/p>\n\n<p>L\u2019utente ha la possibilit\u00e0 di configurare il proprio browser per essere avvisato della ricezione di cookie e per impedirne l\u2019installazione sul proprio computer. Per favore, consulta le istruzioni del tuo browser per espandere queste informazioni. <\/p>\n\n<p><strong>Politica sui collegamenti<\/strong><\/p>\n\n<p>Dal sito Web, potresti essere reindirizzato a contenuti di siti Web di terze parti. Dato che il TITOLARE non pu\u00f2 sempre controllare i contenuti inseriti da terzi sui rispettivi siti web, non si assume alcun tipo di responsabilit\u00e0 in merito a tali contenuti. In ogni caso, proceder\u00e0 all\u2019immediato ritiro di qualsiasi contenuto che possa contravvenire alla legislazione nazionale o internazionale, al buon costume o all\u2019ordine pubblico, procedendo all\u2019immediato ritiro del reindirizzamento a detto sito web, informando le autorit\u00e0 competenti del contenuto in questione.  <\/p>\n\n<p>Il TITOLARE non \u00e8 responsabile delle informazioni e dei contenuti archiviati, a titolo esemplificativo ma non esaustivo, in forum, chat, generatori di blog, commenti, social network o qualsiasi altro mezzo che consenta a terzi di pubblicare contenuti autonomamente sul sito web del RESPONSABILE. Tuttavia, e nel rispetto di quanto \u00e8 previsto dagli articoli 11 e 16 della LSSICE, \u00e8 messo a disposizione di tutti gli utenti, autorit\u00e0 e forze dell\u2019ordine, collaborando attivamente al ritiro o, se del caso, al blocco di tutti quei contenuti che possono influenzare o violare legislazione nazionale o internazionale, i diritti di terzi o la morale e l\u2019ordine pubblico. Nel caso in cui l\u2019utente ritenga che nel sito Web siano presenti contenuti che potrebbero essere soggetti a questa classificazione, si prega di informare immediatamente l\u2019amministratore del sito Web.  <\/p>\n\n<p>Questo sito Web \u00e8 stato esaminato e testato per garantire che funzioni correttamente. Inizialmente, il corretto funzionamento pu\u00f2 essere garantito 365 giorni all\u2019anno, 24 ore al giorno. Tuttavia, il TITOLARE non esclude la possibilit\u00e0 di alcuni errori di programmazione, o che possano verificarsi forza maggiore, catastrofi naturali, scioperi o circostanze simili che rendono impossibile l\u2019accesso al sito web.  <\/p>\n\n<p><strong>Indirizzi IP<\/strong><\/p>\n\n<p>I server del sito web saranno in grado di rilevare automaticamente l\u2019indirizzo IP e il nome di dominio utilizzati dall\u2019utente. Un indirizzo IP \u00e8 un numero assegnato automaticamente a un computer quando si connette a Internet. Tutte queste informazioni vengono registrate in un file di attivit\u00e0 del server debitamente registrato che consente la successiva elaborazione dei dati al fine di ottenere solo misurazioni statistiche che consentono di conoscere il numero di impressioni della pagina, il numero di visite effettuate ai server web, l\u2019ordine delle visite, il punto di accesso, ecc.  <\/p>\n\n<h4 class=\"wp-block-heading\"><strong>4. LEGGE APPLICABILE E GIURISDIZIONE<\/strong><\/h4>\n\n<p>La legge applicabile in caso di controversia o conflitto di interpretazione dei termini che compongono i testi legali, cos\u00ec come qualsiasi domanda relativa ai servizi di questo sito web, sar\u00e0 la legge spagnola.<\/p>\n\n<p><em>Ultimo aggiornamento: 08\/02\/2021<\/em><\/p>\n","protected":false},"excerpt":{"rendered":"<p>R. ESPINAR, SL, responsabile del sito Web, di seguito RESPONSABILE, mette questo documento a disposizione degli utenti, con i quali intende adempiere agli obblighi previsti dalla legge 34\/2002, dell\u201911 luglio, sui servizi della societ\u00e0 dell\u2019informazione e del commercio elettronico (LSSICE), BOE n. 166, nonch\u00e9 informare tutti gli utenti del sito Web in merito alle condizioni [&hellip;]<\/p>\n","protected":false},"author":9,"featured_media":0,"parent":0,"menu_order":0,"comment_status":"closed","ping_status":"closed","template":"","meta":{"footnotes":""},"class_list":["post-3003","page","type-page","status-publish","hentry"],"_links":{"self":[{"href":"https:\/\/www.mediapreparators.com\/it\/wp-json\/wp\/v2\/pages\/3003","targetHints":{"allow":["GET"]}}],"collection":[{"href":"https:\/\/www.mediapreparators.com\/it\/wp-json\/wp\/v2\/pages"}],"about":[{"href":"https:\/\/www.mediapreparators.com\/it\/wp-json\/wp\/v2\/types\/page"}],"author":[{"embeddable":true,"href":"https:\/\/www.mediapreparators.com\/it\/wp-json\/wp\/v2\/users\/9"}],"replies":[{"embeddable":true,"href":"https:\/\/www.mediapreparators.com\/it\/wp-json\/wp\/v2\/comments?post=3003"}],"version-history":[{"count":0,"href":"https:\/\/www.mediapreparators.com\/it\/wp-json\/wp\/v2\/pages\/3003\/revisions"}],"wp:attachment":[{"href":"https:\/\/www.mediapreparators.com\/it\/wp-json\/wp\/v2\/media?parent=3003"}],"curies":[{"name":"wp","href":"https:\/\/api.w.org\/{rel}","templated":true}]}}